{"id":2,"date":"2016-02-29T22:54:00","date_gmt":"2016-02-29T22:54:00","guid":{"rendered":"http:\/\/fotosart.pl\/koncertowo\/?page_id=2"},"modified":"2017-05-17T07:30:52","modified_gmt":"2017-05-17T07:30:52","slug":"about","status":"publish","type":"page","link":"https:\/\/fotosart.pl\/koncertowo\/about\/","title":{"rendered":"O mnie"},"content":{"rendered":"<p><a href=\"http:\/\/fotosart.pl\/koncertowo\/wp-content\/uploads\/2016\/02\/autoportret_z_gitara_www.jpg\"><img loading=\"lazy\" class=\"alignright wp-image-446 size-medium\" src=\"http:\/\/fotosart.pl\/koncertowo\/wp-content\/uploads\/2016\/02\/autoportret_z_gitara_www-198x300.jpg\" alt=\"\" width=\"198\" height=\"300\" srcset=\"https:\/\/fotosart.pl\/koncertowo\/wp-content\/uploads\/2016\/02\/autoportret_z_gitara_www-198x300.jpg 198w, https:\/\/fotosart.pl\/koncertowo\/wp-content\/uploads\/2016\/02\/autoportret_z_gitara_www-768x1166.jpg 768w, https:\/\/fotosart.pl\/koncertowo\/wp-content\/uploads\/2016\/02\/autoportret_z_gitara_www-675x1024.jpg 675w, https:\/\/fotosart.pl\/koncertowo\/wp-content\/uploads\/2016\/02\/autoportret_z_gitara_www.jpg 1349w\" sizes=\"(max-width: 198px) 100vw, 198px\" \/><\/a><\/p>\n<p class=\"p1\">Nie b\u0119dzie przesad\u0105 je\u015bli powiem, \u017ce fotografi\u0105 zajmuj\u0119 si\u0119 od dziecka&#8230; I jak s\u0105dz\u0119\u00a0z ka\u017cdym dniem coraz bardziej \u015bwiadomie.<\/p>\n<p class=\"p1\">Z aparatem rzadko si\u0119 rozstaj\u0119.<\/p>\n<p class=\"p1\">Tematem przewodnim moich prac s\u0105 ludzie i wydarzenia im towarzysz\u0105ce. W moich zdj\u0119ciach ukazuj\u0119 otaczaj\u0105c\u0105 rzeczywisto\u015b\u0107, prawdziwych ludzi, ich emocje.\u00a0Obserwuj\u0119 i szukam niecodziennych kadr\u00f3w.<\/p>\n<p class=\"p1\">Wyj\u0105tkow\u0105 i niezwyk\u0142\u0105 dziedzin\u0105 mojej dzia\u0142alno\u015bci fotograficznej jest fotografia koncertowa. Gdzie opr\u00f3cz graj\u0105cych na scenie muzyk\u00f3w nieodzownie i r\u00f3wnie melodyjnie odbywa si\u0119 gra \u015bwiate\u0142 i efekt\u00f3w wizualnych.<\/p>\n<p class=\"p1\">Ponadto uwielbiam podr\u00f3\u017ce, lody i gor\u0105c\u0105 czekolad\u0119 \ud83d\ude09\u00a0oraz celebruj\u0119 ka\u017cd\u0105 chwil\u0119 sp\u0119dzon\u0105 z moj\u0105 rodzin\u0105.<\/p>\n","protected":false},"excerpt":{"rendered":"<p>Nie b\u0119dzie przesad\u0105 je\u015bli powiem, \u017ce fotografi\u0105 zajmuj\u0119 si\u0119 od dziecka&#8230; I jak s\u0105dz\u0119\u00a0z ka\u017cdym dniem coraz bardziej \u015bwiadomie. Z aparatem rzadko si\u0119 rozstaj\u0119. Tematem przewodnim moich prac s\u0105 ludzie i wydarzenia im towarzysz\u0105ce. W moich zdj\u0119ciach ukazuj\u0119 otaczaj\u0105c\u0105 rzeczywisto\u015b\u0107, prawdziwych ludzi, ich emocje.\u00a0Obserwuj\u0119 i szukam niecodziennych kadr\u00f3w. Wyj\u0105tkow\u0105 i niezwyk\u0142\u0105 dziedzin\u0105 mojej dzia\u0142alno\u015bci fotograficznej [&hellip;]<\/p>\n","protected":false},"author":1,"featured_media":106,"parent":0,"menu_order":0,"comment_status":"closed","ping_status":"closed","template":"","meta":[],"_links":{"self":[{"href":"https:\/\/fotosart.pl\/koncertowo\/wp-json\/wp\/v2\/pages\/2"}],"collection":[{"href":"https:\/\/fotosart.pl\/koncertowo\/wp-json\/wp\/v2\/pages"}],"about":[{"href":"https:\/\/fotosart.pl\/koncertowo\/wp-json\/wp\/v2\/types\/page"}],"author":[{"embeddable":true,"href":"https:\/\/fotosart.pl\/koncertowo\/wp-json\/wp\/v2\/users\/1"}],"replies":[{"embeddable":true,"href":"https:\/\/fotosart.pl\/koncertowo\/wp-json\/wp\/v2\/comments?post=2"}],"version-history":[{"count":8,"href":"https:\/\/fotosart.pl\/koncertowo\/wp-json\/wp\/v2\/pages\/2\/revisions"}],"predecessor-version":[{"id":447,"href":"https:\/\/fotosart.pl\/koncertowo\/wp-json\/wp\/v2\/pages\/2\/revisions\/447"}],"wp:featuredmedia":[{"embeddable":true,"href":"https:\/\/fotosart.pl\/koncertowo\/wp-json\/wp\/v2\/media\/106"}],"wp:attachment":[{"href":"https:\/\/fotosart.pl\/koncertowo\/wp-json\/wp\/v2\/media?parent=2"}],"curies":[{"name":"wp","href":"https:\/\/api.w.org\/{rel}","templated":true}]}}